{"id":1035,"date":"2021-10-18T11:28:35","date_gmt":"2021-10-18T08:28:35","guid":{"rendered":"https:\/\/biobidgrain.com\/privatuma-politika\/"},"modified":"2022-10-30T19:27:00","modified_gmt":"2022-10-30T16:27:00","slug":"privatuma-politika","status":"publish","type":"page","link":"https:\/\/biobidgrain.com\/lv\/privatuma-politika\/","title":{"rendered":"Priv\u0101tuma politika"},"content":{"rendered":"\n<h2 class=\"wp-block-heading\">Kas m\u0113s esam<\/h2>\n\n<p>M\u016bsu vietnes adrese ir: https:\/\/biobidgrain.com.<\/p>\n\n<h2 class=\"wp-block-heading\">S\u012bkfaili<\/h2>\n\n<p>Ja j\u016bs m\u016bsu vietn\u0113 ierakst\u012bsiet koment\u0101ru, j\u016bs varat izv\u0113l\u0113ties \u2013 vai saglab\u0101t savu v\u0101rdu, e-pasta adresi un t\u012bmek\u013ca vietni s\u012bkfailos. Tie ir paredz\u0113ti j\u016bsu \u0113rt\u012bb\u0101m, lai jums nevajadz\u0113tu atk\u0101rtoti rakst\u012bt savus datus katr\u0101 n\u0101kamaj\u0101 koment\u0101r\u0101. \u0160ie s\u012bkfaili saglab\u0101sies vienu gadu.<\/p>\n\n<p>Kad j\u016bs apmekl\u0113siet m\u016bsu lapu, m\u0113s iestat\u012bsim pagaidu s\u012bkfailu, lai noteiktu, vai j\u016bsu p\u0101rl\u016bks pie\u0146em s\u012bkfailus. \u0160is s\u012bkfails nesatur personas datus, un p\u0113c p\u0101rl\u016bka aizv\u0113r\u0161anas tas tiek no\u0146emts. \u0160is s\u012bkfails nesatur personas datus, un p\u0113c p\u0101rl\u016bka aizv\u0113r\u0161anas tas tiek no\u0146emts.<\/p>\n\n<p>Kad j\u016bs pierakst\u012bsieties sist\u0113m\u0101, m\u0113s ar\u012b iestat\u012bsim vair\u0101kus s\u012bkfailus, lai saglab\u0101tu j\u016bsu pierakst\u012b\u0161an\u0101s inform\u0101ciju un ekr\u0101na par\u0101d\u012b\u0161anas izv\u0113les. Pierakst\u012b\u0161an\u0101s s\u012bkfailu darb\u012bbas laiks ir divas dienas, un ekr\u0101na par\u0101d\u012b\u0161anas s\u012bkfaili past\u0101v vienu gadu. Atlasot &#8220;Atcer\u0113ties mani&#8221;, j\u016bsu pierakst\u012b\u0161an\u0101s dati tiks saglab\u0101ti divas ned\u0113\u013cas. Kad j\u016bs izrakst\u0101ties no sava konta, pierakst\u012b\u0161an\u0101s s\u012bkfaili tiks no\u0146emti.<\/p>\n\n<p>Ja j\u016bs redi\u0123\u0113jat vai public\u0113jat rakstu, j\u016bsu p\u0101rl\u016bk\u0101 tiks saglab\u0101ts papildu s\u012bkfails. \u0160is s\u012bkfails nesatur personas datus un vienk\u0101r\u0161i nor\u0101da j\u016bsu tikko k\u0101 redi\u0123\u0113t\u0101 raksta public\u0113\u0161anas ID. Tas darbojas 1 dienu.<\/p>\n\n<h2 class=\"wp-block-heading\">Iegultais saturs no cit\u0101m t\u012bmek\u013ca vietn\u0113m<\/h2>\n\n<p>\u0160aj\u0101 vietn\u0113 eso\u0161ajos rakstos var b\u016bt iek\u013cauts iegultais saturs (piem. video, att\u0113li, raksti utt.). Iegultais saturs no cit\u0101m t\u012bmek\u013ca vietn\u0113m darbojas t\u0101, it k\u0101 apmekl\u0113t\u0101js b\u016btu ieg\u0101jis cit\u0101 t\u012bmek\u013ca vietn\u0113.<\/p>\n\n<p>\u0160\u012bs t\u012bmek\u013ca vietnes var apkopot j\u016bsu datus, izmantot s\u012bkfailus, iegult papildu tre\u0161\u0101s puses izseko\u0161anu, k\u0101 ar\u012b p\u0101rraudz\u012bt j\u016bsu mijiedarb\u012bbu ar \u0161o iegulto saturu, tostarp izsekot j\u016bsu mijiedarb\u012bbu ar iegulto saturu, ja jums ir savs konts un esat pierakst\u012bju\u0161ies attiec\u012bgaj\u0101 t\u012bmek\u013ca vietn\u0113<\/p>\n\n<h2 class=\"wp-block-heading\">Ar ko m\u0113s kop\u012bgojam j\u016bsu datus?<\/h2>\n\n<p><strong class=\"privacy-policy-tutorial\"> <\/strong>Ja j\u016bs piepras\u0101t paroles atiestat\u012b\u0161anu, j\u016bsu IP adrese tiks iek\u013cauta atiestat\u012b\u0161anas e-pasta v\u0113stul\u0113.<\/p>\n\n<h2 class=\"wp-block-heading\">Cik ilgi m\u0113s paturam j\u016bsu datus?<\/h2>\n\n<p>Ja j\u016bs uzrakst\u0101t koment\u0101ru, \u0161is koment\u0101rs un t\u0101 metadati tiek saglab\u0101ti bez laika ierobe\u017eojuma. Tas ir nepiecie\u0161ams, lai m\u0113s var\u0113tu autom\u0101tiski atpaz\u012bt un apstiprin\u0101t jebkurus turpm\u0101kos koment\u0101rus bez nepiecie\u0161am\u012bbas tos tur\u0113t p\u0101rraudz\u012bbas rind\u0101.<\/p>\n\n<p>M\u0113s ar\u012b saglab\u0101jam to lietot\u0101ju personas inform\u0101ciju, kas ir re\u0123istr\u0113ju\u0161ies m\u016bsu t\u012bmek\u013ca vietn\u0113 (ja attiecin\u0101ms) un nor\u0101da \u0161os datus sav\u0101 lietot\u0101ja profil\u0101. Visi lietot\u0101ji var jebkur\u0101 br\u012bd\u012b redz\u0113t, redi\u0123\u0113t vai dz\u0113st savu personas inform\u0101ciju (iz\u0146emot main\u012bt savu lietot\u0101jv\u0101rdu). T\u012bmek\u013ca vietnes administratori ar\u012b var apl\u016bkot un redi\u0123\u0113t \u0161o inform\u0101ciju.<\/p>\n\n<h2 class=\"wp-block-heading\">K\u0101das ir j\u016bsu ties\u012bbas uz saviem datiem?<\/h2>\n\n<p>Ja jums \u0161aj\u0101 vietn\u0113 ir izveidots konts vai ar\u012b esat ierakst\u012bju\u0161i koment\u0101rus, j\u016bs varat piepras\u012bt sa\u0146emt eksporta failu ar saviem personas datiem, kas ir m\u016bsu r\u012bc\u012bb\u0101, tostarp jebkurus datus, kurus esat mums sniegu\u0161i. J\u016bs varat ar\u012b mums l\u016bgt dz\u0113st savus personas datus, kas ir m\u016bsu r\u012bc\u012bb\u0101. Tie neietver datus, kurus mums ir pien\u0101kums saglab\u0101t administrat\u012bvos, likumiskos vai dro\u0161\u012bbas nol\u016bkos.<\/p>\n\n<h2 class=\"wp-block-heading\">Kur m\u0113s nos\u016bt\u0101m j\u016bsu datus?<\/h2>\n\n<p><strong class=\"privacy-policy-tutorial\"> <\/strong>Apmekl\u0113t\u0101ju koment\u0101rus var p\u0101rbaud\u012bt automatiz\u0113ts surog\u0101tpasta noteik\u0161anas pakalpojums.<\/p>\n","protected":false},"excerpt":{"rendered":"<p>Kas m\u0113s esam M\u016bsu vietnes adrese ir: https:\/\/biobidgrain.com. S\u012bkfaili Ja j\u016bs m\u016bsu vietn\u0113 ierakst\u012bsiet koment\u0101ru, j\u016bs varat izv\u0113l\u0113ties \u2013 vai saglab\u0101t savu v\u0101rdu, e-pasta adresi un t\u012bmek\u013ca vietni s\u012bkfailos. Tie ir paredz\u0113ti j\u016bsu \u0113rt\u012bb\u0101m, lai jums nevajadz\u0113tu atk\u0101rtoti rakst\u012bt savus datus katr\u0101 n\u0101kamaj\u0101 koment\u0101r\u0101. \u0160ie s\u012bkfaili saglab\u0101sies vienu gadu. Kad j\u016bs apmekl\u0113siet m\u016bsu lapu, m\u0113s [&hellip;]<\/p>\n","protected":false},"author":1,"featured_media":0,"parent":0,"menu_order":0,"comment_status":"closed","ping_status":"open","template":"","meta":{"footnotes":""},"class_list":["post-1035","page","type-page","status-publish","hentry"],"_links":{"self":[{"href":"https:\/\/biobidgrain.com\/lv\/wp-json\/wp\/v2\/pages\/1035","targetHints":{"allow":["GET"]}}],"collection":[{"href":"https:\/\/biobidgrain.com\/lv\/wp-json\/wp\/v2\/pages"}],"about":[{"href":"https:\/\/biobidgrain.com\/lv\/wp-json\/wp\/v2\/types\/page"}],"author":[{"embeddable":true,"href":"https:\/\/biobidgrain.com\/lv\/wp-json\/wp\/v2\/users\/1"}],"replies":[{"embeddable":true,"href":"https:\/\/biobidgrain.com\/lv\/wp-json\/wp\/v2\/comments?post=1035"}],"version-history":[{"count":3,"href":"https:\/\/biobidgrain.com\/lv\/wp-json\/wp\/v2\/pages\/1035\/revisions"}],"predecessor-version":[{"id":1038,"href":"https:\/\/biobidgrain.com\/lv\/wp-json\/wp\/v2\/pages\/1035\/revisions\/1038"}],"wp:attachment":[{"href":"https:\/\/biobidgrain.com\/lv\/wp-json\/wp\/v2\/media?parent=1035"}],"curies":[{"name":"wp","href":"https:\/\/api.w.org\/{rel}","templated":true}]}}