{"id":248,"date":"2022-04-16T18:25:42","date_gmt":"2022-04-16T15:25:42","guid":{"rendered":"https:\/\/biobidgrain.com\/instrukcija\/"},"modified":"2023-03-09T12:37:50","modified_gmt":"2023-03-09T10:37:50","slug":"instrukcija","status":"publish","type":"page","link":"https:\/\/biobidgrain.com\/lv\/instrukcija\/","title":{"rendered":"Instrukcija"},"content":{"rendered":"\n<p><em>Visp\u0101r\u012bg\u0101 inform\u0101cija: <\/em><\/p>\n\n\n\n<ul class=\"wp-block-list\">\n<li>Produkti tiek iek\u013cauti izsol\u0113 katru pirmdienu.<\/li>\n\n\n\n<li>Izsole beidzas katru piektdienu.<\/li>\n\n\n\n<li>Komisija gan pirc\u0113jam, gan p\u0101rdev\u0113jam &#8211;  0,45 % (0,0045 komisijas koeficients).<\/li>\n\n\n\n<li>Jaunu pirc\u0113ju re\u0123istr\u0101cija izsol\u0113m iesp\u0113jama l\u012bdz tre\u0161dienai (ieskaitot).<\/li>\n\n\n\n<li>Izsoles solis EUR 5\/t, ja vien nav noteikts individu\u0101li.<\/li>\n\n\n\n<li>Ja sol\u012bjums tiek veikts p\u0113d\u0113jo 5 min\u016b\u0161u laik\u0101 pirms izsoles beig\u0101m, izsole tiek autom\u0101tiski pagarin\u0101ta par 5 min\u016bt\u0113m.<\/li>\n\n\n\n<li>P\u0101rdev\u0113jam preces j\u0101iz\u0146em 30 dienu laik\u0101 p\u0113c izsoles beig\u0101m.<\/li>\n<\/ul>\n\n\n\n<p><em>Inform\u0101cija p\u0101rdev\u0113jiem: <\/em><\/p>\n\n\n\n<ul class=\"wp-block-list\">\n<li>P\u0101rdev\u0113jam j\u0101iesniedz visa nepiecie\u0161am\u0101 inform\u0101cija par preci \u2013 fotogr\u0101fijas, preces apraksts, graudu sast\u0101va anal\u012bze, bankas rekviz\u012bti u.c.<\/li>\n\n\n\n<li>P\u0101rdev\u0113jam ir j\u0101nodro\u0161ina inform\u0101cijas patiesums un prec\u012bzs p\u0101rdodamo graudu apjoms.<\/li>\n\n\n\n<li>Izsoles ned\u0113\u013c\u0101 j\u0101nodro\u0161ina pieeja precei, ja potenci\u0101lais pirc\u0113js to v\u0113las redz\u0113t.<\/li>\n\n\n\n<li>Preci pirc\u0113js var iz\u0146emt tikai p\u0113c tam, kad pirc\u0113js ir samaks\u0101jis pilnu summu izsoles organizatoram.<\/li>\n\n\n\n<li>P\u0101rdev\u0113jam ir j\u0101nodro\u0161ina, ka Pirc\u0113js preci var\u0113s sa\u0146emt 5-30 dienu laik\u0101 p\u0113c izsoles beig\u0101m vai individu\u0101li saska\u0146ot\u0101 termi\u0146\u0101.<\/li>\n<\/ul>\n\n\n\n<p><em>Inform\u0101cija pirc\u0113jiem:<\/em><\/p>\n\n\n\n<ul class=\"wp-block-list\">\n<li>Re\u0123istr\u0113joties izsoles r\u012bkot\u0101js izskata pirc\u0113ja re\u0123istr\u0101cijas pieteikumu un akcept\u0113 pirc\u0113ja dal\u012bbu izsol\u0113s, atsevi\u0161\u0137os gad\u012bjumos var b\u016bt nepiecie\u0161ams garantijas depoz\u012bts.<\/li>\n\n\n\n<li>Izsol\u0113 nor\u0101d\u012bt\u0101s produktu cenas ir bez pievienot\u0101 v\u0113rt\u012bbas nodok\u013ca.<\/li>\n\n\n\n<li>Izsoles nosl\u0113gum\u0101 uzvar\u0113ju\u0161ajam pretendentam tiks izrakst\u012bts r\u0113\u0137ins, kas j\u0101apmaks\u0101 pirms preces sa\u0146em\u0161anas.<\/li>\n\n\n\n<li>Pirc\u0113jam prece ir j\u0101iz\u0146em 5-30 dienu laik\u0101 p\u0113c izsoles beig\u0101m vai individu\u0101li saska\u0146ot\u0101 termi\u0146\u0101.<\/li>\n<\/ul>\n\n\n\n<p><\/p>\n\n\n\n<div data-wp-interactive=\"core\/file\" id=\"IZSOLES-NOTIEKUMI\" class=\"wp-block-file\"><object data-wp-bind--hidden=\"!state.hasPdfPreview\" hidden class=\"wp-block-file__embed\" data=\"https:\/\/biobidgrain.com\/wp-content\/uploads\/2022\/08\/IZSOLES-NOTEIKUMI-2022.pdf\" type=\"application\/pdf\" style=\"width:100%;height:600px\" aria-label=\"Embed of IZSOLES NOTEIKUMI 2022.\"><\/object><a id=\"wp-block-file--media-968d2fc3-78de-4d42-8142-e8bcbce2c875\" href=\"https:\/\/biobidgrain.com\/wp-content\/uploads\/2022\/08\/IZSOLES-NOTEIKUMI-2022.pdf\">IZSOLES NOTEIKUMI 2022<\/a><a href=\"https:\/\/biobidgrain.com\/wp-content\/uploads\/2022\/08\/IZSOLES-NOTEIKUMI-2022.pdf\" class=\"wp-block-file__button wp-element-button\" download aria-describedby=\"wp-block-file--media-968d2fc3-78de-4d42-8142-e8bcbce2c875\">Lejupiel\u0101d\u0113t<\/a><\/div>\n\n\n\n<p><\/p>\n","protected":false},"excerpt":{"rendered":"<p>Visp\u0101r\u012bg\u0101 inform\u0101cija: Inform\u0101cija p\u0101rdev\u0113jiem: Inform\u0101cija pirc\u0113jiem:<\/p>\n","protected":false},"author":1,"featured_media":0,"parent":0,"menu_order":0,"comment_status":"closed","ping_status":"closed","template":"template-fullwidth.php","meta":{"footnotes":""},"class_list":["post-248","page","type-page","status-publish","hentry"],"_links":{"self":[{"href":"https:\/\/biobidgrain.com\/lv\/wp-json\/wp\/v2\/pages\/248","targetHints":{"allow":["GET"]}}],"collection":[{"href":"https:\/\/biobidgrain.com\/lv\/wp-json\/wp\/v2\/pages"}],"about":[{"href":"https:\/\/biobidgrain.com\/lv\/wp-json\/wp\/v2\/types\/page"}],"author":[{"embeddable":true,"href":"https:\/\/biobidgrain.com\/lv\/wp-json\/wp\/v2\/users\/1"}],"replies":[{"embeddable":true,"href":"https:\/\/biobidgrain.com\/lv\/wp-json\/wp\/v2\/comments?post=248"}],"version-history":[{"count":49,"href":"https:\/\/biobidgrain.com\/lv\/wp-json\/wp\/v2\/pages\/248\/revisions"}],"predecessor-version":[{"id":2062,"href":"https:\/\/biobidgrain.com\/lv\/wp-json\/wp\/v2\/pages\/248\/revisions\/2062"}],"wp:attachment":[{"href":"https:\/\/biobidgrain.com\/lv\/wp-json\/wp\/v2\/media?parent=248"}],"curies":[{"name":"wp","href":"https:\/\/api.w.org\/{rel}","templated":true}]}}