{"id":256,"date":"2021-10-18T11:30:28","date_gmt":"2021-10-18T08:30:28","guid":{"rendered":"https:\/\/biobidgrain.com\/aktivas-izsoles\/"},"modified":"2024-07-18T14:56:12","modified_gmt":"2024-07-18T11:56:12","slug":"shop","status":"publish","type":"page","link":"https:\/\/biobidgrain.com\/lv\/","title":{"rendered":"Akt\u012bv\u0101s Izsoles"},"content":{"rendered":"\n<p class=\"has-text-align-center has-large-font-size\"><\/p>\n\n\n\n<div class=\"wp-block-media-text alignwide has-media-on-the-right is-stacked-on-mobile has-white-color has-text-color has-background\" style=\"background-color:#5198c1a6;grid-template-columns:auto 51%\"><div class=\"wp-block-media-text__content\">\n<p class=\"has-text-align-center has-white-color has-text-color has-large-font-size\"><strong>Priek\u0161roc\u012bbas<\/strong><\/p>\n\n\n\n<p><\/p>\n\n\n\n<p class=\"has-text-align-center has-white-color has-text-color\">P\u0100RDEV\u0112JIEM<\/p>\n\n\n\n<ul class=\"wp-block-list has-white-color has-text-color\">\n<li>Izsole rada steidzam\u012bbas saj\u016btu un vedina interesentus pie \u0101tr\u0101ka l\u0113muma pie\u0146em\u0161anas;<\/li>\n\n\n\n<li>Izsoles rada maksim\u0101lu preces redzam\u012bbu. Izsoles ir koncentr\u0113ts pas\u0101kums, t\u0101p\u0113c atpaz\u012bstam\u012bba un p\u016bles ir vair\u0101k redzamas;<\/li>\n\n\n\n<li>Izsoles palielina konkurenci par preci pirc\u0113ju vid\u016b, k\u0101 rezult\u0101t\u0101 paaugstin\u0101s cenas;<\/li>\n\n\n\n<li>Izsole ir god\u012bg\u0101kais p\u0101rdo\u0161anas veids;<\/li>\n\n\n\n<li>P\u0101rdev\u0113js nosaka konkr\u0113tu preces p\u0101rdo\u0161anas datumu, laiku un vietu.<\/li>\n<\/ul>\n\n\n\n<p class=\"has-text-align-center has-white-color has-text-color\">PIRC\u0112JIEM<\/p>\n\n\n\n<ul class=\"wp-block-list has-white-color has-text-color\">\n<li>Pirc\u0113ji zina, ka p\u0101rdev\u0113js ir ap\u0146\u0113mies p\u0101rdot;<\/li>\n\n\n\n<li>Pirc\u0113js zina, ka par preci sa\u0146em god\u012bgu tirgus cenu, kas noteikta publisk\u0101 izsol\u0113;<\/li>\n\n\n\n<li>Pirc\u0113jam ir piln\u012bga kontrole p\u0101r summu, ko vi\u0146\u0161 ir gatavs sol\u012bt, lai ieg\u0101d\u0101tos preci;<\/li>\n\n\n\n<li>Izsoles samazina sarunu laika ilgumu starp p\u0101rdev\u0113ju un pirc\u0113ju;<\/li>\n\n\n\n<li>Tie\u0161saistes izsoles laik\u0101 pirc\u0113js nav ierobe\u017eots ar uz\u0146\u0113muma darba laiku.<\/li>\n<\/ul>\n<\/div><figure class=\"wp-block-media-text__media\"><img decoding=\"async\" src=\"https:\/\/biobidgrain.com\/wp-content\/uploads\/2022\/05\/biobidgrain-2-1875x2500.jpg\" alt=\"\" class=\"wp-image-471 size-full\"\/><\/figure><\/div>\n\n\n\n<p><\/p>\n","protected":false},"excerpt":{"rendered":"","protected":false},"author":1,"featured_media":0,"parent":0,"menu_order":0,"comment_status":"closed","ping_status":"closed","template":"","meta":{"footnotes":""},"class_list":["post-256","page","type-page","status-publish","hentry"],"_links":{"self":[{"href":"https:\/\/biobidgrain.com\/lv\/wp-json\/wp\/v2\/pages\/256","targetHints":{"allow":["GET"]}}],"collection":[{"href":"https:\/\/biobidgrain.com\/lv\/wp-json\/wp\/v2\/pages"}],"about":[{"href":"https:\/\/biobidgrain.com\/lv\/wp-json\/wp\/v2\/types\/page"}],"author":[{"embeddable":true,"href":"https:\/\/biobidgrain.com\/lv\/wp-json\/wp\/v2\/users\/1"}],"replies":[{"embeddable":true,"href":"https:\/\/biobidgrain.com\/lv\/wp-json\/wp\/v2\/comments?post=256"}],"version-history":[{"count":49,"href":"https:\/\/biobidgrain.com\/lv\/wp-json\/wp\/v2\/pages\/256\/revisions"}],"predecessor-version":[{"id":3786,"href":"https:\/\/biobidgrain.com\/lv\/wp-json\/wp\/v2\/pages\/256\/revisions\/3786"}],"wp:attachment":[{"href":"https:\/\/biobidgrain.com\/lv\/wp-json\/wp\/v2\/media?parent=256"}],"curies":[{"name":"wp","href":"https:\/\/api.w.org\/{rel}","templated":true}]}}