{"id":264,"date":"2021-11-07T22:48:58","date_gmt":"2021-11-07T19:48:58","guid":{"rendered":"https:\/\/biobidgrain.com\/kontakinformacija\/"},"modified":"2022-06-01T14:10:56","modified_gmt":"2022-06-01T11:10:56","slug":"kontakinformacija","status":"publish","type":"page","link":"https:\/\/biobidgrain.com\/lv\/kontakinformacija\/","title":{"rendered":"Kontakti"},"content":{"rendered":"\n<p><strong>SIA \u201cAdams Farm\u201d<\/strong><\/p>\n\n\n\n<p>Re\u0123. Nr.: LV45403023788<br>&#8220;Krasti&#8221;, Mazzalves pag., Aizkraukles nov., LV-5133<br>Konta Nr.:  LV59HABA0551046553620<\/p>\n\n\n\n<p><strong>Vita Jakovicka, Projektu vad\u012bt\u0101ja<\/strong><br>  +371 28007774<\/p>\n\n\n\n<p><strong>Kaspars \u0100dams, Uz\u0146\u0113muma vad\u012bt\u0101js<\/strong><br>+371 29400214  <\/p>\n\n\n\n<p>E-pasts: biobidgrain@gmail.com<\/p>\n","protected":false},"excerpt":{"rendered":"<p>SIA \u201cAdams Farm\u201d Re\u0123. Nr.: LV45403023788&#8220;Krasti&#8221;, Mazzalves pag., Aizkraukles nov., LV-5133Konta Nr.: LV59HABA0551046553620 Vita Jakovicka, Projektu vad\u012bt\u0101ja +371 28007774 Kaspars \u0100dams, Uz\u0146\u0113muma vad\u012bt\u0101js+371 29400214 E-pasts: biobidgrain@gmail.com<\/p>\n","protected":false},"author":1,"featured_media":0,"parent":0,"menu_order":0,"comment_status":"closed","ping_status":"closed","template":"template-fullwidth.php","meta":{"footnotes":""},"class_list":["post-264","page","type-page","status-publish","hentry"],"_links":{"self":[{"href":"https:\/\/biobidgrain.com\/lv\/wp-json\/wp\/v2\/pages\/264","targetHints":{"allow":["GET"]}}],"collection":[{"href":"https:\/\/biobidgrain.com\/lv\/wp-json\/wp\/v2\/pages"}],"about":[{"href":"https:\/\/biobidgrain.com\/lv\/wp-json\/wp\/v2\/types\/page"}],"author":[{"embeddable":true,"href":"https:\/\/biobidgrain.com\/lv\/wp-json\/wp\/v2\/users\/1"}],"replies":[{"embeddable":true,"href":"https:\/\/biobidgrain.com\/lv\/wp-json\/wp\/v2\/comments?post=264"}],"version-history":[{"count":11,"href":"https:\/\/biobidgrain.com\/lv\/wp-json\/wp\/v2\/pages\/264\/revisions"}],"predecessor-version":[{"id":546,"href":"https:\/\/biobidgrain.com\/lv\/wp-json\/wp\/v2\/pages\/264\/revisions\/546"}],"wp:attachment":[{"href":"https:\/\/biobidgrain.com\/lv\/wp-json\/wp\/v2\/media?parent=264"}],"curies":[{"name":"wp","href":"https:\/\/api.w.org\/{rel}","templated":true}]}}