{"id":286,"date":"2021-11-07T22:45:00","date_gmt":"2021-11-07T19:45:00","guid":{"rendered":"https:\/\/biobidgrain.com\/par-mums\/"},"modified":"2022-06-01T14:19:15","modified_gmt":"2022-06-01T11:19:15","slug":"par-mums","status":"publish","type":"page","link":"https:\/\/biobidgrain.com\/lv\/par-mums\/","title":{"rendered":"Par mums"},"content":{"rendered":"\n<p class=\"has-text-align-justify\"> Kop\u0161 2009. gada Kaspars \u0100dams veiksm\u012bgi vada Liellopu izso\u013cu namu, kur tiek izsol\u012bti liellopi no visas Latvijas. Tagad Kaspars ir rad\u012bjis jaunu digit\u0101lo instrumentu biolo\u0123iskajiem graudu audz\u0113t\u0101jiem, lai pal\u012bdz\u0113tu saimniekiem p\u0101rdot BIO graudus par vislab\u0101ko cenu. \u0160\u012bs platformas m\u0113r\u0137is ir ne tikai pal\u012bdz\u0113t biolo\u0123iskajiem graudu audz\u0113t\u0101jiem atrast pirc\u0113ju, bet ar\u012b ietaup\u012bt saimnieku laiku un pal\u012bdz\u0113t nosl\u0113gt lab\u0101ko dar\u012bjumu. <br><strong><br>Ieskats Liellopu Izso\u013cu nama darb\u012bb\u0101: <\/strong><br><a href=\"https:\/\/www.youtube.com\/watch?v=RQ3LXQJheJ0\" data-type=\"URL\" data-id=\"https:\/\/www.youtube.com\/watch?v=RQ3LXQJheJ0\">https:\/\/www.youtube.com\/watch?v=RQ3LXQJheJ0<\/a><br><\/p>\n\n\n\n<p class=\"has-text-align-justify\"><br><\/p>\n\n\n\n<div class=\"wp-block-media-text alignwide has-media-on-the-right is-stacked-on-mobile\" style=\"grid-template-columns:auto 39%\"><figure class=\"wp-block-media-text__media\"><img loading=\"lazy\" decoding=\"async\" width=\"768\" height=\"1024\" src=\"https:\/\/biobidgrain.com\/wp-content\/uploads\/2022\/05\/IMG_5510_2-768x1024.jpg\" alt=\"\" class=\"wp-image-463 size-full\" srcset=\"https:\/\/biobidgrain.com\/wp-content\/uploads\/2022\/05\/IMG_5510_2-768x1024.jpg 768w, https:\/\/biobidgrain.com\/wp-content\/uploads\/2022\/05\/IMG_5510_2-225x300.jpg 225w, https:\/\/biobidgrain.com\/wp-content\/uploads\/2022\/05\/IMG_5510_2-1152x1536.jpg 1152w, https:\/\/biobidgrain.com\/wp-content\/uploads\/2022\/05\/IMG_5510_2-1536x2048.jpg 1536w, https:\/\/biobidgrain.com\/wp-content\/uploads\/2022\/05\/IMG_5510_2-416x555.jpg 416w, https:\/\/biobidgrain.com\/wp-content\/uploads\/2022\/05\/IMG_5510_2-1875x2500.jpg 1875w\" sizes=\"auto, (max-width: 768px) 100vw, 768px\" \/><\/figure><div class=\"wp-block-media-text__content\">\n<p><\/p>\n\n\n\n<p><\/p>\n\n\n\n<p><\/p>\n\n\n\n<p class=\"has-medium-font-size\"><strong>M\u016bsu misija<\/strong><\/p>\n\n\n\n<p>Veiksm\u012bgi vad\u012bt tie\u0161saistes platformu, kur gan pirc\u0113ji, <br>gan p\u0101rdev\u0113ji var satikties jebkur\u0101 laik\u0101.&nbsp;<\/p>\n<p><\/p>\n\n\n\n<\/p>\n\n\n\n<p class=\"has-medium-font-size\"><strong>M\u016bsu v\u0113rt\u012bbas<\/strong><\/p>\n\n\n\n<p class=\"has-normal-font-size\">VIDE<br><br>Biolo\u0123isk\u0101s lauksaimniec\u012bbas n\u0101kotne ir \u013coti noz\u012bm\u012bga<br>m\u016bsu plan\u0113tas eksist\u0113\u0161anai. Ir svar\u012bgi saimniekot<br>biolo\u0123iski un atst\u0101t p\u0113c iesp\u0113jas maz\u0101ku ekolo\u0123isko p\u0113du. <br><br>KOMANDAS SP\u0112KS<\/p>\n\n\n\n<p>M\u0113s uzskat\u0101m, ka uz\u0146\u0113muma izaugsme sl\u0113pjas stipr\u0101<br>komand\u0101. Esam atv\u0113rti jaun\u0101m un inovat\u012bv\u0101m idej\u0101m. <\/p>\n\n\n\n<p>ATBILD\u012aBA<\/p>\n\n\n\n<p>Mums ir svar\u012bgi izpild\u012bt uzdevumu l\u012bdz vislab\u0101kajai <br>m\u016bsu sp\u0113jai un nest atbild\u012bbu par visiem darba procesiem. <\/p>\n\n\n\n<p>GOD\u012aGUMS<\/p>\n\n\n\n<p>Tas m\u016bs virza uz priek\u0161u un \u013cauj mums justies labi<br>par to, ko dar\u0101m. <\/p>\n\n\n\n<p><br><\/p>\n<\/div><\/div>\n","protected":false},"excerpt":{"rendered":"<p>Kop\u0161 2009. gada Kaspars \u0100dams veiksm\u012bgi vada Liellopu izso\u013cu namu, kur tiek izsol\u012bti liellopi no visas Latvijas. Tagad Kaspars ir rad\u012bjis jaunu digit\u0101lo instrumentu biolo\u0123iskajiem graudu audz\u0113t\u0101jiem, lai pal\u012bdz\u0113tu saimniekiem p\u0101rdot BIO graudus par vislab\u0101ko cenu. \u0160\u012bs platformas m\u0113r\u0137is ir ne tikai pal\u012bdz\u0113t biolo\u0123iskajiem graudu audz\u0113t\u0101jiem atrast pirc\u0113ju, bet ar\u012b ietaup\u012bt saimnieku laiku un pal\u012bdz\u0113t [&hellip;]<\/p>\n","protected":false},"author":1,"featured_media":0,"parent":0,"menu_order":0,"comment_status":"closed","ping_status":"closed","template":"","meta":{"footnotes":""},"class_list":["post-286","page","type-page","status-publish","hentry"],"_links":{"self":[{"href":"https:\/\/biobidgrain.com\/lv\/wp-json\/wp\/v2\/pages\/286","targetHints":{"allow":["GET"]}}],"collection":[{"href":"https:\/\/biobidgrain.com\/lv\/wp-json\/wp\/v2\/pages"}],"about":[{"href":"https:\/\/biobidgrain.com\/lv\/wp-json\/wp\/v2\/types\/page"}],"author":[{"embeddable":true,"href":"https:\/\/biobidgrain.com\/lv\/wp-json\/wp\/v2\/users\/1"}],"replies":[{"embeddable":true,"href":"https:\/\/biobidgrain.com\/lv\/wp-json\/wp\/v2\/comments?post=286"}],"version-history":[{"count":13,"href":"https:\/\/biobidgrain.com\/lv\/wp-json\/wp\/v2\/pages\/286\/revisions"}],"predecessor-version":[{"id":548,"href":"https:\/\/biobidgrain.com\/lv\/wp-json\/wp\/v2\/pages\/286\/revisions\/548"}],"wp:attachment":[{"href":"https:\/\/biobidgrain.com\/lv\/wp-json\/wp\/v2\/media?parent=286"}],"curies":[{"name":"wp","href":"https:\/\/api.w.org\/{rel}","templated":true}]}}