{"id":2437,"date":"2023-04-03T08:32:05","date_gmt":"2023-04-03T05:32:05","guid":{"rendered":"https:\/\/biobidgrain.com\/product\/organic-meadow-timothy-certified-seed-1-4\/"},"modified":"2023-04-03T08:36:27","modified_gmt":"2023-04-03T05:36:27","slug":"biologiska-plavas-timotina-sertificeta-sekla-1-4","status":"publish","type":"product","link":"https:\/\/biobidgrain.com\/lv\/product\/biologiska-plavas-timotina-sertificeta-sekla-1-4\/","title":{"rendered":"Biolo\u0123iskais p\u013cavas timoti\u0146\u0161 (sertific\u0113ta s\u0113kla) &#8211; 1"},"content":{"rendered":"","protected":false},"excerpt":{"rendered":"<p>Sertific\u0113tas biolo\u0123isk\u0101s saimniec\u012bbas pied\u0101v\u0101jums.<\/p>\n<p>Sertific\u0113ta, mar\u0137\u0113ta s\u0113kla 20 kg maisos. 0,04 t ir 2 maisi. Viena s\u0113klas maisa (20 kg) cena ir 60 eiro.<\/p>\n<p>S\u0113klai ir der\u012bgs Latvijas Republikas Valsts augu aizsardz\u012bbas dienesta s\u0113klu sertifik\u0101ts. Kvalit\u0101te &#8211; mitrums 12,2 &#8211; 12,8 %, d\u012bgtsp\u0113ja 93 &#8211; 95 %, 1000 s\u0113klu masa 0,46 &#8211; 0,55 g.<\/p>\n<p>Lauku saimniec\u012bbas atra\u0161an\u0101s vieta &#8211; Siguldas novads, Latvija.<\/p>\n<p>Iz\u0146em\u0161ana l\u012bdz 28.04.2023.<\/p>\n","protected":false},"featured_media":2069,"template":"","meta":[],"product_cat":[56],"product_tag":[207,231,239,104,179,117,84,85,235,156,154,172,234,233],"class_list":{"0":"post-2437","1":"product","2":"type-product","3":"status-publish","4":"has-post-thumbnail","6":"product_cat-active-auctions-lv","7":"product_tag-auction-lv","8":"product_tag-biologiskais-plavas-timotins-lv","9":"product_tag-biologiskais-timotins-lv","10":"product_tag-biologiskas-lv","11":"product_tag-biologiskas-seklas-lv","12":"product_tag-biologiskie-lv","13":"product_tag-biologisks","14":"product_tag-izsole","15":"product_tag-plavas-timotins-lv","16":"product_tag-seed","17":"product_tag-sekla","18":"product_tag-seklas-lv","19":"product_tag-timothy-lv","20":"product_tag-timotins-lv","22":"first","23":"instock","24":"sold-individually","25":"shipping-taxable","26":"product-type-auction"},"_links":{"self":[{"href":"https:\/\/biobidgrain.com\/lv\/wp-json\/wp\/v2\/product\/2437","targetHints":{"allow":["GET"]}}],"collection":[{"href":"https:\/\/biobidgrain.com\/lv\/wp-json\/wp\/v2\/product"}],"about":[{"href":"https:\/\/biobidgrain.com\/lv\/wp-json\/wp\/v2\/types\/product"}],"wp:featuredmedia":[{"embeddable":true,"href":"https:\/\/biobidgrain.com\/lv\/wp-json\/wp\/v2\/media\/2069"}],"wp:attachment":[{"href":"https:\/\/biobidgrain.com\/lv\/wp-json\/wp\/v2\/media?parent=2437"}],"wp:term":[{"taxonomy":"product_cat","embeddable":true,"href":"https:\/\/biobidgrain.com\/lv\/wp-json\/wp\/v2\/product_cat?post=2437"},{"taxonomy":"product_tag","embeddable":true,"href":"https:\/\/biobidgrain.com\/lv\/wp-json\/wp\/v2\/product_tag?post=2437"}],"curies":[{"name":"wp","href":"https:\/\/api.w.org\/{rel}","templated":true}]}}