{"id":2486,"date":"2023-04-10T21:12:21","date_gmt":"2023-04-10T18:12:21","guid":{"rendered":"https:\/\/biobidgrain.com\/?post_type=product&#038;p=2486"},"modified":"2023-04-10T21:17:27","modified_gmt":"2023-04-10T18:17:27","slug":"biologiska-ziemas-kviesu-sertificeta-sekla-3-21","status":"publish","type":"product","link":"https:\/\/biobidgrain.com\/lv\/product\/biologiska-ziemas-kviesu-sertificeta-sekla-3-21\/","title":{"rendered":"Biolo\u0123iskie ziemas kvie\u0161i (sertific\u0113ta s\u0113kla) &#8211; 3"},"content":{"rendered":"","protected":false},"excerpt":{"rendered":"<p>Sertific\u0113tas biolo\u0123isk\u0101s saimniec\u012bbas pied\u0101v\u0101jums.<\/p>\n<p>Sertific\u0113ta, mar\u0137\u0113ta s\u0113kla lielajos maisos. Graudiem ir der\u012bgs Latvijas Republikas Valsts augu aizsardz\u012bbas dienesta izsniegts s\u0113klu sertifik\u0101ts.<\/p>\n<p>Kvalit\u0101te &#8211; mitrums 13,7 %, inertie piemais\u012bjumi 1,2 %, d\u012bgtsp\u0113ja 87 %.<\/p>\n<p>Lauku saimniec\u012bbas atra\u0161an\u0101s vieta &#8211; L\u012bv\u0101nu novads, Latvija.<\/p>\n<p>Iz\u0146em\u0161ana l\u012bdz 05.05.2023.<\/p>\n","protected":false},"featured_media":1181,"template":"","meta":[],"product_cat":[56],"product_tag":[207,104,179,117,88,170,173,84,68,69,82,129,85,95,156,154,172,96],"class_list":{"0":"post-2486","1":"product","2":"type-product","3":"status-publish","4":"has-post-thumbnail","6":"product_cat-active-auctions-lv","7":"product_tag-auction-lv","8":"product_tag-biologiskas-lv","9":"product_tag-biologiskas-seklas-lv","10":"product_tag-biologiskie-lv","11":"product_tag-biologiskie-graudi","12":"product_tag-biologiskie-kviesi-lv","13":"product_tag-biologiskie-ziemas-kviesi-lv","14":"product_tag-biologisks","15":"product_tag-grain","16":"product_tag-grain-auction","17":"product_tag-graudi","18":"product_tag-graudu-izsole-lv","19":"product_tag-izsole","20":"product_tag-kviesi","21":"product_tag-seed","22":"product_tag-sekla","23":"product_tag-seklas-lv","24":"product_tag-ziemas-kviesi","26":"first","27":"instock","28":"sold-individually","29":"shipping-taxable","30":"product-type-auction"},"_links":{"self":[{"href":"https:\/\/biobidgrain.com\/lv\/wp-json\/wp\/v2\/product\/2486","targetHints":{"allow":["GET"]}}],"collection":[{"href":"https:\/\/biobidgrain.com\/lv\/wp-json\/wp\/v2\/product"}],"about":[{"href":"https:\/\/biobidgrain.com\/lv\/wp-json\/wp\/v2\/types\/product"}],"wp:featuredmedia":[{"embeddable":true,"href":"https:\/\/biobidgrain.com\/lv\/wp-json\/wp\/v2\/media\/1181"}],"wp:attachment":[{"href":"https:\/\/biobidgrain.com\/lv\/wp-json\/wp\/v2\/media?parent=2486"}],"wp:term":[{"taxonomy":"product_cat","embeddable":true,"href":"https:\/\/biobidgrain.com\/lv\/wp-json\/wp\/v2\/product_cat?post=2486"},{"taxonomy":"product_tag","embeddable":true,"href":"https:\/\/biobidgrain.com\/lv\/wp-json\/wp\/v2\/product_tag?post=2486"}],"curies":[{"name":"wp","href":"https:\/\/api.w.org\/{rel}","templated":true}]}}