{"id":2536,"date":"2023-04-10T23:15:22","date_gmt":"2023-04-10T20:15:22","guid":{"rendered":"https:\/\/biobidgrain.com\/?post_type=product&#038;p=2536"},"modified":"2023-04-10T23:18:05","modified_gmt":"2023-04-10T20:18:05","slug":"biologiskas-auzas-2-22","status":"publish","type":"product","link":"https:\/\/biobidgrain.com\/lv\/product\/biologiskas-auzas-2-22\/","title":{"rendered":"Biolo\u0123isk\u0101s auzas &#8211; 2"},"content":{"rendered":"","protected":false},"excerpt":{"rendered":"<p>Sertific\u0113tas biolo\u0123isk\u0101s saimniec\u012bbas pied\u0101v\u0101jums.<\/p>\n<p>Kvalit\u0101te (P\u0101rtikas nekait\u012bguma, dz\u012bvnieku vesel\u012bbas un vides zin\u0101tnisk\u0101 instit\u016bta BIOR test\u0113\u0161anas p\u0101rskats) &#8211; kopprote\u012bns 10,0 \u00b1 0,20 % (LVS EN ISO 20483:2014), mitrums 12,96 \u00b1 0,30 % (BIOR-T-012-212-2020), piemais\u012bjumi 2,1 %, <span class=\"Y2IQFc\" lang=\"en\">tostarp,<\/span><span class=\"tld-sibling-0-0-1 tld-word tld-word-0-0-1 ng-star-inserted hovered\"><span class=\"tld-sibling-0-0-0 tld-word tld-word-0-0-0 ng-star-inserted\">kvie\u0161u<\/span> <span class=\"tld-sibling-0-0-1 tld-word tld-word-0-0-1 ng-star-inserted\">s\u0113klu<\/span> <span class=\"tld-sibling-0-0-2 tld-word tld-word-0-0-2 ng-star-inserted hovered\">piemais\u012bjumi 0,35 %, v\u012b\u0137u s\u0113klu piemais\u012bjumi 1,67 %, <\/span>nez\u0101\u013cu s\u0113klu piemais\u012bjumi 0,01 %, atkritumu piemais\u012bjumi 0,08 %, miner\u0101lvielu piemais\u012bjumi 0,01 % (LVS EN 15587:2019), tilpummasa 57,8 \u00b1 0,1 kg\/hL (LVS EN ISO 7971-3:2019).<\/span><\/p>\n<p><span class=\"tld-sibling-0-0-1 tld-word tld-word-0-0-1 ng-star-inserted hovered\">Lauku saimniec\u012bbas atra\u0161an\u0101s vieta &#8211; Bauskas novads, Latvija.<\/span><\/p>\n<p>Iz\u0146em\u0161ana l\u012bdz 05.05.2023.<\/p>\n","protected":false},"featured_media":1097,"template":"","meta":[],"product_cat":[56],"product_tag":[207,99,145,104,120,117,88,84,148,68,69,82,129,85,100],"class_list":{"0":"post-2536","1":"product","2":"type-product","3":"status-publish","4":"has-post-thumbnail","6":"product_cat-active-auctions-lv","7":"product_tag-auction-lv","8":"product_tag-auzas","9":"product_tag-bio-auzas-lv","10":"product_tag-biologiskas-lv","11":"product_tag-biologiskas-auzas-lv","12":"product_tag-biologiskie-lv","13":"product_tag-biologiskie-graudi","14":"product_tag-biologisks","15":"product_tag-eko-auzas","16":"product_tag-grain","17":"product_tag-grain-auction","18":"product_tag-graudi","19":"product_tag-graudu-izsole-lv","20":"product_tag-izsole","21":"product_tag-organiskas-auzas","23":"first","24":"instock","25":"sold-individually","26":"shipping-taxable","27":"product-type-auction"},"_links":{"self":[{"href":"https:\/\/biobidgrain.com\/lv\/wp-json\/wp\/v2\/product\/2536","targetHints":{"allow":["GET"]}}],"collection":[{"href":"https:\/\/biobidgrain.com\/lv\/wp-json\/wp\/v2\/product"}],"about":[{"href":"https:\/\/biobidgrain.com\/lv\/wp-json\/wp\/v2\/types\/product"}],"wp:featuredmedia":[{"embeddable":true,"href":"https:\/\/biobidgrain.com\/lv\/wp-json\/wp\/v2\/media\/1097"}],"wp:attachment":[{"href":"https:\/\/biobidgrain.com\/lv\/wp-json\/wp\/v2\/media?parent=2536"}],"wp:term":[{"taxonomy":"product_cat","embeddable":true,"href":"https:\/\/biobidgrain.com\/lv\/wp-json\/wp\/v2\/product_cat?post=2536"},{"taxonomy":"product_tag","embeddable":true,"href":"https:\/\/biobidgrain.com\/lv\/wp-json\/wp\/v2\/product_tag?post=2536"}],"curies":[{"name":"wp","href":"https:\/\/api.w.org\/{rel}","templated":true}]}}