{"id":2707,"date":"2023-04-23T23:00:58","date_gmt":"2023-04-23T20:00:58","guid":{"rendered":"https:\/\/biobidgrain.com\/?post_type=product&#038;p=2707"},"modified":"2023-04-23T23:03:46","modified_gmt":"2023-04-23T20:03:46","slug":"biologisko-ziemas-kviesu-sertificeta-sekla-3-23","status":"publish","type":"product","link":"https:\/\/biobidgrain.com\/lv\/product\/biologisko-ziemas-kviesu-sertificeta-sekla-3-23\/","title":{"rendered":"Biolo\u0123iskie ziemas kvie\u0161i (sertific\u0113ta s\u0113kla) &#8211; 3"},"content":{"rendered":"","protected":false},"excerpt":{"rendered":"<p>Sertific\u0113tas biolo\u0123isk\u0101s saimniec\u012bbas pied\u0101v\u0101jums.<\/p>\n<p>Sertific\u0113ta, mar\u0137\u0113ta s\u0113kla lielajos maisos. Graudiem ir der\u012bgs Latvijas Republikas Valsts augu aizsardz\u012bbas dienesta izsniegts s\u0113klu sertifik\u0101ts.<\/p>\n<p>Kvalit\u0101te &#8211; mitrums 13,7 %, inertie piemais\u012bjumi 1,2 %, d\u012bgtsp\u0113ja 87 %.<\/p>\n<p>Lauku saimniec\u012bbas atra\u0161an\u0101s vieta &#8211; L\u012bv\u0101nu novads, Latvija.<\/p>\n<p>Preci iz\u0146emt l\u012bdz 19.05.2023.<\/p>\n","protected":false},"featured_media":1181,"template":"","meta":[],"product_cat":[56],"product_tag":[207,155,104,171,117,88,170,173,84,68,69,82,129,85,95,156,154,96],"class_list":{"0":"post-2707","1":"product","2":"type-product","3":"status-publish","4":"has-post-thumbnail","6":"product_cat-active-auctions-lv","7":"product_tag-auction-lv","8":"product_tag-biologiska-sekla","9":"product_tag-biologiskas-lv","10":"product_tag-biologiski-audzeti-ziemas-kviesi","11":"product_tag-biologiskie-lv","12":"product_tag-biologiskie-graudi","13":"product_tag-biologiskie-kviesi-lv","14":"product_tag-biologiskie-ziemas-kviesi-lv","15":"product_tag-biologisks","16":"product_tag-grain","17":"product_tag-grain-auction","18":"product_tag-graudi","19":"product_tag-graudu-izsole-lv","20":"product_tag-izsole","21":"product_tag-kviesi","22":"product_tag-seed","23":"product_tag-sekla","24":"product_tag-ziemas-kviesi","26":"first","27":"instock","28":"sold-individually","29":"shipping-taxable","30":"product-type-auction"},"_links":{"self":[{"href":"https:\/\/biobidgrain.com\/lv\/wp-json\/wp\/v2\/product\/2707","targetHints":{"allow":["GET"]}}],"collection":[{"href":"https:\/\/biobidgrain.com\/lv\/wp-json\/wp\/v2\/product"}],"about":[{"href":"https:\/\/biobidgrain.com\/lv\/wp-json\/wp\/v2\/types\/product"}],"wp:featuredmedia":[{"embeddable":true,"href":"https:\/\/biobidgrain.com\/lv\/wp-json\/wp\/v2\/media\/1181"}],"wp:attachment":[{"href":"https:\/\/biobidgrain.com\/lv\/wp-json\/wp\/v2\/media?parent=2707"}],"wp:term":[{"taxonomy":"product_cat","embeddable":true,"href":"https:\/\/biobidgrain.com\/lv\/wp-json\/wp\/v2\/product_cat?post=2707"},{"taxonomy":"product_tag","embeddable":true,"href":"https:\/\/biobidgrain.com\/lv\/wp-json\/wp\/v2\/product_tag?post=2707"}],"curies":[{"name":"wp","href":"https:\/\/api.w.org\/{rel}","templated":true}]}}