{"id":2772,"date":"2023-04-30T21:22:31","date_gmt":"2023-04-30T18:22:31","guid":{"rendered":"https:\/\/biobidgrain.com\/?post_type=product&#038;p=2772"},"modified":"2023-04-30T21:25:12","modified_gmt":"2023-04-30T18:25:12","slug":"biologiskas-auzas-2-27","status":"publish","type":"product","link":"https:\/\/biobidgrain.com\/lv\/product\/biologiskas-auzas-2-27\/","title":{"rendered":"Biolo\u0123isk\u0101s auzas &#8211; 2"},"content":{"rendered":"","protected":false},"excerpt":{"rendered":"<p>Sertific\u0113tas biolo\u0123isk\u0101s saimniec\u012bbas pied\u0101v\u0101jums. Graudus uzglab\u0101 graudu tor\u0146os. \u0100tra graudu iekrau\u0161ana.<\/p>\n<p>Kvalit\u0101te &#8211; prote\u012bns 10 %, tilpummasa 50,60 kg\/hL, mitrums 12,4 %, piemais\u012bjumi <span class=\"tld-sibling-0-0-1 tld-word tld-word-0-0-1 ng-star-inserted\">0,4 %<\/span>.<\/p>\n<p>Lauku saimniec\u012bbas atra\u0161an\u0101s vieta &#8211; Madonas novads, Latvija.<\/p>\n<p>Preci iz\u0146emt l\u012bdz 02.06.2023.<\/p>\n","protected":false},"featured_media":1998,"template":"","meta":[],"product_cat":[56],"product_tag":[207,99,145,104,120,117,88,84,148,68,69,82,129,85,100],"class_list":{"0":"post-2772","1":"product","2":"type-product","3":"status-publish","4":"has-post-thumbnail","6":"product_cat-active-auctions-lv","7":"product_tag-auction-lv","8":"product_tag-auzas","9":"product_tag-bio-auzas-lv","10":"product_tag-biologiskas-lv","11":"product_tag-biologiskas-auzas-lv","12":"product_tag-biologiskie-lv","13":"product_tag-biologiskie-graudi","14":"product_tag-biologisks","15":"product_tag-eko-auzas","16":"product_tag-grain","17":"product_tag-grain-auction","18":"product_tag-graudi","19":"product_tag-graudu-izsole-lv","20":"product_tag-izsole","21":"product_tag-organiskas-auzas","23":"first","24":"instock","25":"sold-individually","26":"shipping-taxable","27":"product-type-auction"},"_links":{"self":[{"href":"https:\/\/biobidgrain.com\/lv\/wp-json\/wp\/v2\/product\/2772","targetHints":{"allow":["GET"]}}],"collection":[{"href":"https:\/\/biobidgrain.com\/lv\/wp-json\/wp\/v2\/product"}],"about":[{"href":"https:\/\/biobidgrain.com\/lv\/wp-json\/wp\/v2\/types\/product"}],"wp:featuredmedia":[{"embeddable":true,"href":"https:\/\/biobidgrain.com\/lv\/wp-json\/wp\/v2\/media\/1998"}],"wp:attachment":[{"href":"https:\/\/biobidgrain.com\/lv\/wp-json\/wp\/v2\/media?parent=2772"}],"wp:term":[{"taxonomy":"product_cat","embeddable":true,"href":"https:\/\/biobidgrain.com\/lv\/wp-json\/wp\/v2\/product_cat?post=2772"},{"taxonomy":"product_tag","embeddable":true,"href":"https:\/\/biobidgrain.com\/lv\/wp-json\/wp\/v2\/product_tag?post=2772"}],"curies":[{"name":"wp","href":"https:\/\/api.w.org\/{rel}","templated":true}]}}