{"id":2835,"date":"2023-04-30T23:55:37","date_gmt":"2023-04-30T20:55:37","guid":{"rendered":"https:\/\/biobidgrain.com\/?post_type=product&#038;p=2835"},"modified":"2023-04-30T23:58:47","modified_gmt":"2023-04-30T20:58:47","slug":"biologiskas-auzas-sertificeta-sekla-4-3","status":"publish","type":"product","link":"https:\/\/biobidgrain.com\/lv\/product\/biologiskas-auzas-sertificeta-sekla-4-3\/","title":{"rendered":"Biolo\u0123isk\u0101s auzas (sertific\u0113ta s\u0113kla) &#8211; 4"},"content":{"rendered":"","protected":false},"excerpt":{"rendered":"<p>Sertific\u0113tas biolo\u0123isk\u0101s saimniec\u012bbas pied\u0101v\u0101jums.<\/p>\n<p>Sertific\u0113ta, mar\u0137\u0113ta s\u0113kla 800 kg mais\u0101.<\/p>\n<p>S\u0113klai ir der\u012bgs Latvijas Republikas Valsts augu aizsardz\u012bbas dienesta s\u0113klu sertifik\u0101ts. Kvalit\u0101te &#8211; mitrums 14 %, d\u012bgtsp\u0113ja 95 %, 1000 s\u0113klu svars 32,5 g, inertie piemais\u012bjumi 0,1 %.<\/p>\n<p>Lauku saimniec\u012bbas atra\u0161an\u0101s vieta &#8211; L\u012bv\u0101nu novads, Latvija.<\/p>\n<p>Preci iz\u0146emt l\u012bdz 02.06.2023.<\/p>\n","protected":false},"featured_media":2645,"template":"","meta":[],"product_cat":[56],"product_tag":[207,99,145,104,120,179,117,88,84,148,68,69,82,129,85,100,156,154],"class_list":{"0":"post-2835","1":"product","2":"type-product","3":"status-publish","4":"has-post-thumbnail","6":"product_cat-active-auctions-lv","7":"product_tag-auction-lv","8":"product_tag-auzas","9":"product_tag-bio-auzas-lv","10":"product_tag-biologiskas-lv","11":"product_tag-biologiskas-auzas-lv","12":"product_tag-biologiskas-seklas-lv","13":"product_tag-biologiskie-lv","14":"product_tag-biologiskie-graudi","15":"product_tag-biologisks","16":"product_tag-eko-auzas","17":"product_tag-grain","18":"product_tag-grain-auction","19":"product_tag-graudi","20":"product_tag-graudu-izsole-lv","21":"product_tag-izsole","22":"product_tag-organiskas-auzas","23":"product_tag-seed","24":"product_tag-sekla","26":"first","27":"instock","28":"sold-individually","29":"shipping-taxable","30":"product-type-auction"},"_links":{"self":[{"href":"https:\/\/biobidgrain.com\/lv\/wp-json\/wp\/v2\/product\/2835","targetHints":{"allow":["GET"]}}],"collection":[{"href":"https:\/\/biobidgrain.com\/lv\/wp-json\/wp\/v2\/product"}],"about":[{"href":"https:\/\/biobidgrain.com\/lv\/wp-json\/wp\/v2\/types\/product"}],"wp:featuredmedia":[{"embeddable":true,"href":"https:\/\/biobidgrain.com\/lv\/wp-json\/wp\/v2\/media\/2645"}],"wp:attachment":[{"href":"https:\/\/biobidgrain.com\/lv\/wp-json\/wp\/v2\/media?parent=2835"}],"wp:term":[{"taxonomy":"product_cat","embeddable":true,"href":"https:\/\/biobidgrain.com\/lv\/wp-json\/wp\/v2\/product_cat?post=2835"},{"taxonomy":"product_tag","embeddable":true,"href":"https:\/\/biobidgrain.com\/lv\/wp-json\/wp\/v2\/product_tag?post=2835"}],"curies":[{"name":"wp","href":"https:\/\/api.w.org\/{rel}","templated":true}]}}