{"id":3430,"date":"2023-06-04T23:22:42","date_gmt":"2023-06-04T20:22:42","guid":{"rendered":"https:\/\/biobidgrain.com\/?post_type=product&#038;p=3430"},"modified":"2023-06-04T23:26:04","modified_gmt":"2023-06-04T20:26:04","slug":"biologisko-griku-sertificeta-sekla-4-11","status":"publish","type":"product","link":"https:\/\/biobidgrain.com\/lv\/product\/biologisko-griku-sertificeta-sekla-4-11\/","title":{"rendered":"Biolo\u0123iskie gri\u0137i (sertific\u0113ta s\u0113kla) &#8211; 4"},"content":{"rendered":"","protected":false},"excerpt":{"rendered":"<p>Sertific\u0113tas biolo\u0123isk\u0101s saimniec\u012bbas pied\u0101v\u0101jums.<\/p>\n<p>Sertific\u0113ta, mar\u0137\u0113ta s\u0113kla 500 kg maisos.<\/p>\n<p>S\u0113klai ir der\u012bgs Latvijas Republikas Valsts augu aizsardz\u012bbas dienesta s\u0113klu sertifik\u0101ts. Kvalit\u0101te &#8211; mitrums 15,6 %, d\u012bgtsp\u0113ja 93-96 %, 1000 s\u0113klu svars 27 g.<\/p>\n<p>Lauku saimniec\u012bbas atra\u0161an\u0101s vieta &#8211; Siguldas novads, Latvija.<\/p>\n<p>Preci var iz\u0146emt l\u012bdz 07.07.2023.<\/p>\n","protected":false},"featured_media":2078,"template":"","meta":[],"product_cat":[56],"product_tag":[207,155,104,179,117,142,84,57,85,156,154,172],"class_list":{"0":"post-3430","1":"product","2":"type-product","3":"status-publish","4":"has-post-thumbnail","6":"product_cat-active-auctions-lv","7":"product_tag-auction-lv","8":"product_tag-biologiska-sekla","9":"product_tag-biologiskas-lv","10":"product_tag-biologiskas-seklas-lv","11":"product_tag-biologiskie-lv","12":"product_tag-biologiskie-griki","13":"product_tag-biologisks","14":"product_tag-buckwheat-lv","15":"product_tag-izsole","16":"product_tag-seed","17":"product_tag-sekla","18":"product_tag-seklas-lv","20":"first","21":"instock","22":"sold-individually","23":"shipping-taxable","24":"product-type-auction"},"_links":{"self":[{"href":"https:\/\/biobidgrain.com\/lv\/wp-json\/wp\/v2\/product\/3430","targetHints":{"allow":["GET"]}}],"collection":[{"href":"https:\/\/biobidgrain.com\/lv\/wp-json\/wp\/v2\/product"}],"about":[{"href":"https:\/\/biobidgrain.com\/lv\/wp-json\/wp\/v2\/types\/product"}],"wp:featuredmedia":[{"embeddable":true,"href":"https:\/\/biobidgrain.com\/lv\/wp-json\/wp\/v2\/media\/2078"}],"wp:attachment":[{"href":"https:\/\/biobidgrain.com\/lv\/wp-json\/wp\/v2\/media?parent=3430"}],"wp:term":[{"taxonomy":"product_cat","embeddable":true,"href":"https:\/\/biobidgrain.com\/lv\/wp-json\/wp\/v2\/product_cat?post=3430"},{"taxonomy":"product_tag","embeddable":true,"href":"https:\/\/biobidgrain.com\/lv\/wp-json\/wp\/v2\/product_tag?post=3430"}],"curies":[{"name":"wp","href":"https:\/\/api.w.org\/{rel}","templated":true}]}}