{"id":3485,"date":"2023-06-10T23:48:00","date_gmt":"2023-06-10T20:48:00","guid":{"rendered":"https:\/\/biobidgrain.com\/product\/organic-buckwheat-47\/"},"modified":"2023-06-10T23:53:53","modified_gmt":"2023-06-10T20:53:53","slug":"biologiskie-griki-47","status":"publish","type":"product","link":"https:\/\/biobidgrain.com\/lv\/product\/biologiskie-griki-47\/","title":{"rendered":"Biolo\u0123iskie gri\u0137i"},"content":{"rendered":"","protected":false},"excerpt":{"rendered":"<p>Sertific\u0113tas biolo\u0123isk\u0101s saimniec\u012bbas pied\u0101v\u0101jums. Gri\u0137i uzglab\u0101jas graudu tor\u0146os, t\u012br\u012bti un kalt\u0113ti.<\/p>\n<p>Kvalit\u0101te &#8211; p\u0101rtikas, s\u0113klu kond\u012bcija (d\u012bgtsp\u0113ja 95 %).<\/p>\n<p>Lauku saimniec\u012bbas atra\u0161an\u0101s vieta &#8211; Madonas novads, Latvija.<\/p>\n<p>Preces iz\u0146em\u0161ana l\u012bdz 15.07.2023.<\/p>\n","protected":false},"featured_media":3483,"template":"","meta":[],"product_cat":[56],"product_tag":[207,104,179,117,142,84,57,85,172],"class_list":{"0":"post-3485","1":"product","2":"type-product","3":"status-publish","4":"has-post-thumbnail","6":"product_cat-active-auctions-lv","7":"product_tag-auction-lv","8":"product_tag-biologiskas-lv","9":"product_tag-biologiskas-seklas-lv","10":"product_tag-biologiskie-lv","11":"product_tag-biologiskie-griki","12":"product_tag-biologisks","13":"product_tag-buckwheat-lv","14":"product_tag-izsole","15":"product_tag-seklas-lv","17":"first","18":"instock","19":"sold-individually","20":"shipping-taxable","21":"product-type-auction"},"_links":{"self":[{"href":"https:\/\/biobidgrain.com\/lv\/wp-json\/wp\/v2\/product\/3485","targetHints":{"allow":["GET"]}}],"collection":[{"href":"https:\/\/biobidgrain.com\/lv\/wp-json\/wp\/v2\/product"}],"about":[{"href":"https:\/\/biobidgrain.com\/lv\/wp-json\/wp\/v2\/types\/product"}],"wp:featuredmedia":[{"embeddable":true,"href":"https:\/\/biobidgrain.com\/lv\/wp-json\/wp\/v2\/media\/3483"}],"wp:attachment":[{"href":"https:\/\/biobidgrain.com\/lv\/wp-json\/wp\/v2\/media?parent=3485"}],"wp:term":[{"taxonomy":"product_cat","embeddable":true,"href":"https:\/\/biobidgrain.com\/lv\/wp-json\/wp\/v2\/product_cat?post=3485"},{"taxonomy":"product_tag","embeddable":true,"href":"https:\/\/biobidgrain.com\/lv\/wp-json\/wp\/v2\/product_tag?post=3485"}],"curies":[{"name":"wp","href":"https:\/\/api.w.org\/{rel}","templated":true}]}}