{"id":3623,"date":"2023-06-18T22:24:37","date_gmt":"2023-06-18T19:24:37","guid":{"rendered":"https:\/\/biobidgrain.com\/product\/organic-buckwheat-52\/"},"modified":"2023-06-18T22:27:06","modified_gmt":"2023-06-18T19:27:06","slug":"biologiskie-griki-52","status":"publish","type":"product","link":"https:\/\/biobidgrain.com\/lv\/product\/biologiskie-griki-52\/","title":{"rendered":"Biolo\u0123iskie gri\u0137i"},"content":{"rendered":"","protected":false},"excerpt":{"rendered":"<p>Sertific\u0113tu biolo\u0123isko saimniec\u012bbu pied\u0101v\u0101jums.<\/p>\n<p>Kvalit\u0101te &#8211; piemais\u012bjumi, vizu\u0101l\u0101s p\u0101rbaudes parauga daudzums 903 g, mitrums 10,2 g\/100 g, lipeklis &lt; 20,0 mg\/kg, sve\u0161\u0137erme\u0146i 0,0 %.<\/p>\n<p>\u0160\u0137irnes apraksts: LILEJA ir \u0101tri augo\u0161a, mazpras\u012bga \u0161\u0137irne, kas ir \u013coti iztur\u012bga un daudzpus\u012bga. S\u0113klu \u012bpa\u0161\u0101 t\u012br\u012bba un augst\u0101 d\u012bgtsp\u0113ja ir iespaid\u012bga. LILEJA var saist\u012bt lielu nitr\u0101tu daudzumu. T\u0101 iek\u013caujas gandr\u012bz vis\u0101s augsek\u0101s, \u013coti \u0101tri p\u0101rkl\u0101j augsni un t\u0101d\u0113j\u0101di efekt\u012bvi nom\u0101c nez\u0101les. LILEJA var nodro\u0161in\u0101t ar\u012b augstu ra\u017eu. T\u0101 k\u0101 tai ir tik augsts t\u016bksto\u0161 graudu svars, tiek sasniegta izcila miltu ra\u017ea.<\/p>\n<p>Pieg\u0101de &#8211; FCA Mustvee.<\/p>\n<p>Gri\u0137u atra\u0161an\u0101s vieta &#8211; Mustvee, Igaunija.<\/p>\n<p>Preces iz\u0146em\u0161ana &#8211; nekav\u0113joties.<\/p>\n","protected":false},"featured_media":2819,"template":"","meta":[],"product_cat":[56],"product_tag":[207,104,179,117,142,84,57,85,172],"class_list":{"0":"post-3623","1":"product","2":"type-product","3":"status-publish","4":"has-post-thumbnail","6":"product_cat-active-auctions-lv","7":"product_tag-auction-lv","8":"product_tag-biologiskas-lv","9":"product_tag-biologiskas-seklas-lv","10":"product_tag-biologiskie-lv","11":"product_tag-biologiskie-griki","12":"product_tag-biologisks","13":"product_tag-buckwheat-lv","14":"product_tag-izsole","15":"product_tag-seklas-lv","17":"first","18":"instock","19":"sold-individually","20":"shipping-taxable","21":"product-type-auction"},"_links":{"self":[{"href":"https:\/\/biobidgrain.com\/lv\/wp-json\/wp\/v2\/product\/3623","targetHints":{"allow":["GET"]}}],"collection":[{"href":"https:\/\/biobidgrain.com\/lv\/wp-json\/wp\/v2\/product"}],"about":[{"href":"https:\/\/biobidgrain.com\/lv\/wp-json\/wp\/v2\/types\/product"}],"wp:featuredmedia":[{"embeddable":true,"href":"https:\/\/biobidgrain.com\/lv\/wp-json\/wp\/v2\/media\/2819"}],"wp:attachment":[{"href":"https:\/\/biobidgrain.com\/lv\/wp-json\/wp\/v2\/media?parent=3623"}],"wp:term":[{"taxonomy":"product_cat","embeddable":true,"href":"https:\/\/biobidgrain.com\/lv\/wp-json\/wp\/v2\/product_cat?post=3623"},{"taxonomy":"product_tag","embeddable":true,"href":"https:\/\/biobidgrain.com\/lv\/wp-json\/wp\/v2\/product_tag?post=3623"}],"curies":[{"name":"wp","href":"https:\/\/api.w.org\/{rel}","templated":true}]}}