{"id":3670,"date":"2023-06-25T19:20:34","date_gmt":"2023-06-25T16:20:34","guid":{"rendered":"https:\/\/biobidgrain.com\/product\/organic-summer-wheat-1-5\/"},"modified":"2023-06-25T19:27:33","modified_gmt":"2023-06-25T16:27:33","slug":"biologiskie-vasaras-kviesi-1-5","status":"publish","type":"product","link":"https:\/\/biobidgrain.com\/lv\/product\/biologiskie-vasaras-kviesi-1-5\/","title":{"rendered":"Biolo\u0123iskie vasaras kvie\u0161i &#8211; 1"},"content":{"rendered":"","protected":false},"excerpt":{"rendered":"<p>Sertific\u0113tas biolo\u0123isk\u0101s saimniec\u012bbas pied\u0101v\u0101jums.<\/p>\n<p>Saimniec\u012bbas atra\u0161an\u0101s vieta &#8211; Talsu novads, Latvija.<\/p>\n<p>Preci iz\u0146emt l\u012bdz 28.07.2023.<\/p>\n","protected":false},"featured_media":3193,"template":"","meta":[],"product_cat":[56],"product_tag":[207,117,88,170,219,84,68,69,82,129,85,95,215],"class_list":{"0":"post-3670","1":"product","2":"type-product","3":"status-publish","4":"has-post-thumbnail","6":"product_cat-active-auctions-lv","7":"product_tag-auction-lv","8":"product_tag-biologiskie-lv","9":"product_tag-biologiskie-graudi","10":"product_tag-biologiskie-kviesi-lv","11":"product_tag-biologiskie-vasaras-kviesi-lv","12":"product_tag-biologisks","13":"product_tag-grain","14":"product_tag-grain-auction","15":"product_tag-graudi","16":"product_tag-graudu-izsole-lv","17":"product_tag-izsole","18":"product_tag-kviesi","19":"product_tag-vasaras-kviesi-lv","21":"first","22":"instock","23":"sold-individually","24":"shipping-taxable","25":"product-type-auction"},"_links":{"self":[{"href":"https:\/\/biobidgrain.com\/lv\/wp-json\/wp\/v2\/product\/3670","targetHints":{"allow":["GET"]}}],"collection":[{"href":"https:\/\/biobidgrain.com\/lv\/wp-json\/wp\/v2\/product"}],"about":[{"href":"https:\/\/biobidgrain.com\/lv\/wp-json\/wp\/v2\/types\/product"}],"wp:featuredmedia":[{"embeddable":true,"href":"https:\/\/biobidgrain.com\/lv\/wp-json\/wp\/v2\/media\/3193"}],"wp:attachment":[{"href":"https:\/\/biobidgrain.com\/lv\/wp-json\/wp\/v2\/media?parent=3670"}],"wp:term":[{"taxonomy":"product_cat","embeddable":true,"href":"https:\/\/biobidgrain.com\/lv\/wp-json\/wp\/v2\/product_cat?post=3670"},{"taxonomy":"product_tag","embeddable":true,"href":"https:\/\/biobidgrain.com\/lv\/wp-json\/wp\/v2\/product_tag?post=3670"}],"curies":[{"name":"wp","href":"https:\/\/api.w.org\/{rel}","templated":true}]}}