{"id":3714,"date":"2023-06-25T20:39:33","date_gmt":"2023-06-25T17:39:33","guid":{"rendered":"https:\/\/biobidgrain.com\/product\/organic-buckwheat-53\/"},"modified":"2023-06-25T20:41:28","modified_gmt":"2023-06-25T17:41:28","slug":"biologiskie-griki-53","status":"publish","type":"product","link":"https:\/\/biobidgrain.com\/lv\/product\/biologiskie-griki-53\/","title":{"rendered":"Biolo\u0123iskie gri\u0137i"},"content":{"rendered":"","protected":false},"excerpt":{"rendered":"<p>Sertific\u0113tas biolo\u0123isk\u0101s saimniec\u012bbas pied\u0101v\u0101jums.<\/p>\n<p>Par atsevi\u0161\u0137u samaksu iesp\u0113jama gri\u0137u pieg\u0101de.<\/p>\n<p>Kvalit\u0101te &#8211; mitrums 15,3 %, piemais\u012bjumi <span class=\"tld-sibling-0-0-1 tld-word tld-word-0-0-1 ng-star-inserted\">2 %, tilpummasa 49,3 kg\/hL.<\/span><\/p>\n<p>Saimniec\u012bbas atra\u0161an\u0101s vieta &#8211; Aizkraukles novads, Latvija.<\/p>\n<p>Preci iz\u0146emt l\u012bdz 28.07.2023.<\/p>\n","protected":false},"featured_media":1407,"template":"","meta":[],"product_cat":[56],"product_tag":[207,104,179,117,142,84,57,85,172],"class_list":{"0":"post-3714","1":"product","2":"type-product","3":"status-publish","4":"has-post-thumbnail","6":"product_cat-active-auctions-lv","7":"product_tag-auction-lv","8":"product_tag-biologiskas-lv","9":"product_tag-biologiskas-seklas-lv","10":"product_tag-biologiskie-lv","11":"product_tag-biologiskie-griki","12":"product_tag-biologisks","13":"product_tag-buckwheat-lv","14":"product_tag-izsole","15":"product_tag-seklas-lv","17":"first","18":"instock","19":"sold-individually","20":"shipping-taxable","21":"product-type-auction"},"_links":{"self":[{"href":"https:\/\/biobidgrain.com\/lv\/wp-json\/wp\/v2\/product\/3714","targetHints":{"allow":["GET"]}}],"collection":[{"href":"https:\/\/biobidgrain.com\/lv\/wp-json\/wp\/v2\/product"}],"about":[{"href":"https:\/\/biobidgrain.com\/lv\/wp-json\/wp\/v2\/types\/product"}],"wp:featuredmedia":[{"embeddable":true,"href":"https:\/\/biobidgrain.com\/lv\/wp-json\/wp\/v2\/media\/1407"}],"wp:attachment":[{"href":"https:\/\/biobidgrain.com\/lv\/wp-json\/wp\/v2\/media?parent=3714"}],"wp:term":[{"taxonomy":"product_cat","embeddable":true,"href":"https:\/\/biobidgrain.com\/lv\/wp-json\/wp\/v2\/product_cat?post=3714"},{"taxonomy":"product_tag","embeddable":true,"href":"https:\/\/biobidgrain.com\/lv\/wp-json\/wp\/v2\/product_tag?post=3714"}],"curies":[{"name":"wp","href":"https:\/\/api.w.org\/{rel}","templated":true}]}}